{"id":4237,"date":"2021-05-05T06:58:12","date_gmt":"2021-05-05T10:58:12","guid":{"rendered":"http:\/\/bluelaserbo.com\/?post_type=product&#038;p=4237"},"modified":"2024-08-08T08:02:27","modified_gmt":"2024-08-08T12:02:27","slug":"recuerdo-tulipan-mama-o-abuela-mdf-15x4-cm","status":"publish","type":"product","link":"https:\/\/bluelaserbo.com\/index.php\/product\/recuerdo-tulipan-mama-o-abuela-mdf-15x4-cm\/","title":{"rendered":"Recuerdo Tulip\u00e1n Mam\u00e1 o Abuela &#8211; MDF (15&#215;4 cm)"},"content":{"rendered":"<p>Recuerdo Tulip\u00e1n Mam\u00e1 o Abuela &#8211; MDF (15&#215;4 cm)<\/p>\n","protected":false},"excerpt":{"rendered":"<p>Recuerdo Tulip\u00e1n Mam\u00e1 o Abuela &#8211; MDF (15&#215;4 cm)<\/p>\n","protected":false},"featured_media":4238,"comment_status":"open","ping_status":"closed","template":"","meta":{"_monsterinsights_skip_tracking":false,"_monsterinsights_sitenote_active":false,"_monsterinsights_sitenote_note":"","_monsterinsights_sitenote_category":0},"product_cat":[69,73,44],"product_tag":[],"class_list":["post-4237","product","type-product","status-publish","has-post-thumbnail","hentry","product_cat-otros","product_cat-para-mama","product_cat-recuerdos"],"supplier_id":null,"supplier_sku":"","barcode":null,"atum_controlled":true,"out_stock_date":null,"out_stock_threshold":null,"inheritable":false,"inbound_stock":0,"stock_on_hold":1,"sold_today":0,"sales_last_days":0,"reserved_stock":0,"customer_returns":0,"warehouse_damage":0,"lost_in_post":0,"other_logs":0,"out_stock_days":0,"lost_sales":0,"has_location":false,"update_date":"2026-04-30T08:30:04","atum_locations":[],"atum_stock_status":"instock","restock_status":false,"low_stock_amount":"","sales_update_date":"2026-04-30T08:30:04","calc_backorders":null,"_links":{"self":[{"href":"https:\/\/bluelaserbo.com\/index.php\/wp-json\/wp\/v2\/product\/4237","targetHints":{"allow":["GET"]}}],"collection":[{"href":"https:\/\/bluelaserbo.com\/index.php\/wp-json\/wp\/v2\/product"}],"about":[{"href":"https:\/\/bluelaserbo.com\/index.php\/wp-json\/wp\/v2\/types\/product"}],"replies":[{"embeddable":true,"href":"https:\/\/bluelaserbo.com\/index.php\/wp-json\/wp\/v2\/comments?post=4237"}],"wp:featuredmedia":[{"embeddable":true,"href":"https:\/\/bluelaserbo.com\/index.php\/wp-json\/wp\/v2\/media\/4238"}],"wp:attachment":[{"href":"https:\/\/bluelaserbo.com\/index.php\/wp-json\/wp\/v2\/media?parent=4237"}],"wp:term":[{"taxonomy":"product_cat","embeddable":true,"href":"https:\/\/bluelaserbo.com\/index.php\/wp-json\/wp\/v2\/product_cat?post=4237"},{"taxonomy":"product_tag","embeddable":true,"href":"https:\/\/bluelaserbo.com\/index.php\/wp-json\/wp\/v2\/product_tag?post=4237"}],"curies":[{"name":"wp","href":"https:\/\/api.w.org\/{rel}","templated":true}]}}