{"id":3985,"date":"2021-02-25T15:40:42","date_gmt":"2021-02-25T19:40:42","guid":{"rendered":"http:\/\/bluelaserbo.com\/?post_type=product&#038;p=3985"},"modified":"2025-01-26T09:08:15","modified_gmt":"2025-01-26T13:08:15","slug":"recuerdos-ninos-rezando-acrilico-dorado-docena","status":"publish","type":"product","link":"https:\/\/bluelaserbo.com\/index.php\/product\/recuerdos-ninos-rezando-acrilico-dorado-docena\/","title":{"rendered":"Recuerdos Ni\u00f1os Rezando Acr\u00edlico Dorado (Docena)"},"content":{"rendered":"","protected":false},"excerpt":{"rendered":"<p>Recuerdo Ni\u00f1os Rezando Acr\u00edlico Dorado (Docena)<\/p>\n","protected":false},"featured_media":3986,"comment_status":"open","ping_status":"closed","template":"","meta":{"_monsterinsights_skip_tracking":false,"_monsterinsights_sitenote_active":false,"_monsterinsights_sitenote_note":"","_monsterinsights_sitenote_category":0},"product_cat":[47,45,50,44],"product_tag":[],"class_list":["post-3985","product","type-product","status-publish","has-post-thumbnail","hentry","product_cat-bautizo","product_cat-comunion","product_cat-confirmacion","product_cat-recuerdos"],"supplier_id":null,"supplier_sku":"","barcode":null,"atum_controlled":true,"out_stock_date":null,"out_stock_threshold":null,"inheritable":false,"inbound_stock":0,"stock_on_hold":0,"sold_today":0,"sales_last_days":0,"reserved_stock":0,"customer_returns":0,"warehouse_damage":0,"lost_in_post":0,"other_logs":0,"out_stock_days":0,"lost_sales":0,"has_location":false,"update_date":"2026-05-05T09:01:43","atum_locations":[],"atum_stock_status":"instock","restock_status":false,"low_stock_amount":"","sales_update_date":"2026-05-05T09:01:43","calc_backorders":null,"_links":{"self":[{"href":"https:\/\/bluelaserbo.com\/index.php\/wp-json\/wp\/v2\/product\/3985","targetHints":{"allow":["GET"]}}],"collection":[{"href":"https:\/\/bluelaserbo.com\/index.php\/wp-json\/wp\/v2\/product"}],"about":[{"href":"https:\/\/bluelaserbo.com\/index.php\/wp-json\/wp\/v2\/types\/product"}],"replies":[{"embeddable":true,"href":"https:\/\/bluelaserbo.com\/index.php\/wp-json\/wp\/v2\/comments?post=3985"}],"wp:featuredmedia":[{"embeddable":true,"href":"https:\/\/bluelaserbo.com\/index.php\/wp-json\/wp\/v2\/media\/3986"}],"wp:attachment":[{"href":"https:\/\/bluelaserbo.com\/index.php\/wp-json\/wp\/v2\/media?parent=3985"}],"wp:term":[{"taxonomy":"product_cat","embeddable":true,"href":"https:\/\/bluelaserbo.com\/index.php\/wp-json\/wp\/v2\/product_cat?post=3985"},{"taxonomy":"product_tag","embeddable":true,"href":"https:\/\/bluelaserbo.com\/index.php\/wp-json\/wp\/v2\/product_tag?post=3985"}],"curies":[{"name":"wp","href":"https:\/\/api.w.org\/{rel}","templated":true}]}}