{"id":3602,"date":"2021-01-21T14:43:27","date_gmt":"2021-01-21T18:43:27","guid":{"rendered":"http:\/\/bluelaserbo.com\/?post_type=product&#038;p=3602"},"modified":"2024-09-01T12:39:35","modified_gmt":"2024-09-01T16:39:35","slug":"porta-dientes-nina","status":"publish","type":"product","link":"https:\/\/bluelaserbo.com\/index.php\/product\/porta-dientes-nina\/","title":{"rendered":"Porta Dientes Ni\u00f1a o Ni\u00f1o (MDF Natural)"},"content":{"rendered":"","protected":false},"excerpt":{"rendered":"<p>Porta Dientes Ni\u00f1a o Ni\u00f1o (MDF Natural)<\/p>\n","protected":false},"featured_media":3603,"comment_status":"open","ping_status":"closed","template":"","meta":{"_monsterinsights_skip_tracking":false,"_monsterinsights_sitenote_active":false,"_monsterinsights_sitenote_note":"","_monsterinsights_sitenote_category":0},"product_cat":[59],"product_tag":[],"class_list":["post-3602","product","type-product","status-publish","has-post-thumbnail","hentry","product_cat-utilitarios"],"supplier_id":null,"supplier_sku":"","barcode":null,"atum_controlled":true,"out_stock_date":null,"out_stock_threshold":null,"inheritable":false,"inbound_stock":0,"stock_on_hold":0,"sold_today":0,"sales_last_days":0,"reserved_stock":0,"customer_returns":0,"warehouse_damage":0,"lost_in_post":0,"other_logs":0,"out_stock_days":0,"lost_sales":0,"has_location":false,"update_date":"2026-05-06T09:02:27","atum_locations":[],"atum_stock_status":"instock","restock_status":false,"low_stock_amount":"","sales_update_date":"2026-05-06T09:02:27","calc_backorders":null,"_links":{"self":[{"href":"https:\/\/bluelaserbo.com\/index.php\/wp-json\/wp\/v2\/product\/3602","targetHints":{"allow":["GET"]}}],"collection":[{"href":"https:\/\/bluelaserbo.com\/index.php\/wp-json\/wp\/v2\/product"}],"about":[{"href":"https:\/\/bluelaserbo.com\/index.php\/wp-json\/wp\/v2\/types\/product"}],"replies":[{"embeddable":true,"href":"https:\/\/bluelaserbo.com\/index.php\/wp-json\/wp\/v2\/comments?post=3602"}],"wp:featuredmedia":[{"embeddable":true,"href":"https:\/\/bluelaserbo.com\/index.php\/wp-json\/wp\/v2\/media\/3603"}],"wp:attachment":[{"href":"https:\/\/bluelaserbo.com\/index.php\/wp-json\/wp\/v2\/media?parent=3602"}],"wp:term":[{"taxonomy":"product_cat","embeddable":true,"href":"https:\/\/bluelaserbo.com\/index.php\/wp-json\/wp\/v2\/product_cat?post=3602"},{"taxonomy":"product_tag","embeddable":true,"href":"https:\/\/bluelaserbo.com\/index.php\/wp-json\/wp\/v2\/product_tag?post=3602"}],"curies":[{"name":"wp","href":"https:\/\/api.w.org\/{rel}","templated":true}]}}