{"id":116,"date":"2017-07-05T10:58:00","date_gmt":"2017-07-05T10:58:00","guid":{"rendered":"https:\/\/uxlthemes.com\/demo\/trusted\/?page_id=116"},"modified":"2021-01-23T10:06:37","modified_gmt":"2021-01-23T14:06:37","slug":"feature-2","status":"publish","type":"page","link":"https:\/\/bluelaserbo.com\/index.php\/feature-2\/","title":{"rendered":"Materiales"},"content":{"rendered":"\n<p>La cantidad de materiales que se pueden usar para la realizacion de trabajos con laser es muy grande, sin embargo, te mostramos aquellos que tienen mayor uso comercial para la elaboraci\u00f3n de art\u00edculos:<\/p>\n\n\n<ul>\n<li><strong>TRUPAN (MDF):<\/strong> El fibropanel de densidad media o MDF (por sus siglas en ingl\u00e9s Medium Density Fibreboard o tambi\u00e9n llamado DM, Trup\u00e1n o Fibrof\u00e1cil\u200b) es un producto de madera reconstituida que se obtiene descomponiendo residuos de madera dura o blanda en fibras de madera.<\/li>\n<\/ul>\n<p><img decoding=\"async\" class=\"size-medium wp-image-3691 aligncenter\" src=\"https:\/\/bluelaserbo.com\/wp-content\/uploads\/2021\/01\/tr-300x187.jpg\" alt=\"\" width=\"300\" height=\"187\" srcset=\"https:\/\/bluelaserbo.com\/wp-content\/uploads\/2021\/01\/tr-300x187.jpg 300w, https:\/\/bluelaserbo.com\/wp-content\/uploads\/2021\/01\/tr.jpg 362w\" sizes=\"(max-width: 300px) 100vw, 300px\" \/><\/p>\n<ul>\n<li><strong>TRUPAN MELAMINICO:<\/strong> El Trupan melaminico es un tablero aglomerado de part\u00edculas de madera recubierto en uno de sus lados por una pel\u00edcula impregnada en resina cubriendo totalmente el tablero.<\/li>\n<\/ul>\n<p><img decoding=\"async\" class=\"size-medium wp-image-3696 aligncenter\" src=\"https:\/\/bluelaserbo.com\/wp-content\/uploads\/2021\/01\/melamina-300x300.jpg\" alt=\"\" width=\"300\" height=\"300\" srcset=\"https:\/\/bluelaserbo.com\/wp-content\/uploads\/2021\/01\/melamina-300x300.jpg 300w, https:\/\/bluelaserbo.com\/wp-content\/uploads\/2021\/01\/melamina-150x150.jpg 150w, https:\/\/bluelaserbo.com\/wp-content\/uploads\/2021\/01\/melamina-100x100.jpg 100w, https:\/\/bluelaserbo.com\/wp-content\/uploads\/2021\/01\/melamina.jpg 480w\" sizes=\"(max-width: 300px) 100vw, 300px\" \/><\/p>\n<ul>\n<li><strong>ACRILICOS:<\/strong> El poliestireno, vidrio\u00a0<b>acr\u00edlico<\/b> o cristal pl\u00e1stico es un pol\u00edmero termopl\u00e1stico muy conocido, vers\u00e1til y f\u00e1cil de mecanizar. Se utiliza para una amplia variedad de aplicaciones, como: acristalamiento, embalaje o decoraci\u00f3n. As\u00ed pues, podemos elegir diferentes acabados por ejemplo en\u00a0 transparente, espejo, colores enteros, translucidos, etc.<\/li>\n<\/ul>\n<p><img decoding=\"async\" class=\"alignnone size-medium wp-image-3692\" src=\"https:\/\/bluelaserbo.com\/wp-content\/uploads\/2021\/01\/acr-300x216.jpg\" alt=\"\" width=\"300\" height=\"216\" srcset=\"https:\/\/bluelaserbo.com\/wp-content\/uploads\/2021\/01\/acr-300x216.jpg 300w, https:\/\/bluelaserbo.com\/wp-content\/uploads\/2021\/01\/acr.jpg 500w\" sizes=\"(max-width: 300px) 100vw, 300px\" \/>\u00a0 \u00a0 \u00a0 <img decoding=\"async\" class=\"alignnone  wp-image-3693\" src=\"https:\/\/bluelaserbo.com\/wp-content\/uploads\/2021\/01\/dor-300x300.jpg\" alt=\"\" width=\"216\" height=\"216\" srcset=\"https:\/\/bluelaserbo.com\/wp-content\/uploads\/2021\/01\/dor-300x300.jpg 300w, https:\/\/bluelaserbo.com\/wp-content\/uploads\/2021\/01\/dor-150x150.jpg 150w, https:\/\/bluelaserbo.com\/wp-content\/uploads\/2021\/01\/dor-768x768.jpg 768w, https:\/\/bluelaserbo.com\/wp-content\/uploads\/2021\/01\/dor-600x600.jpg 600w, https:\/\/bluelaserbo.com\/wp-content\/uploads\/2021\/01\/dor-100x100.jpg 100w, https:\/\/bluelaserbo.com\/wp-content\/uploads\/2021\/01\/dor.jpg 800w\" sizes=\"(max-width: 216px) 100vw, 216px\" \/>\u00a0 \u00a0 \u00a0 <img decoding=\"async\" class=\"alignnone  wp-image-3694\" src=\"https:\/\/bluelaserbo.com\/wp-content\/uploads\/2021\/01\/neg-300x225.jpg\" alt=\"\" width=\"287\" height=\"215\" srcset=\"https:\/\/bluelaserbo.com\/wp-content\/uploads\/2021\/01\/neg-300x225.jpg 300w, https:\/\/bluelaserbo.com\/wp-content\/uploads\/2021\/01\/neg.jpg 500w\" sizes=\"(max-width: 287px) 100vw, 287px\" \/>\u00a0 \u00a0 \u00a0 <img decoding=\"async\" class=\"alignnone  wp-image-3695\" src=\"https:\/\/bluelaserbo.com\/wp-content\/uploads\/2021\/01\/ACRILICO-TRANSLUCIDO-3MM-341087-300x251.jpg\" alt=\"\" width=\"259\" height=\"216\" srcset=\"https:\/\/bluelaserbo.com\/wp-content\/uploads\/2021\/01\/ACRILICO-TRANSLUCIDO-3MM-341087-300x251.jpg 300w, https:\/\/bluelaserbo.com\/wp-content\/uploads\/2021\/01\/ACRILICO-TRANSLUCIDO-3MM-341087-1024x858.jpg 1024w, https:\/\/bluelaserbo.com\/wp-content\/uploads\/2021\/01\/ACRILICO-TRANSLUCIDO-3MM-341087-768x643.jpg 768w, https:\/\/bluelaserbo.com\/wp-content\/uploads\/2021\/01\/ACRILICO-TRANSLUCIDO-3MM-341087-600x503.jpg 600w, https:\/\/bluelaserbo.com\/wp-content\/uploads\/2021\/01\/ACRILICO-TRANSLUCIDO-3MM-341087.jpg 1200w\" sizes=\"(max-width: 259px) 100vw, 259px\" \/><\/p>\n<ul>\n<li><strong>CUERO NATURAL:<\/strong> La vaqueta es un cuero bovino, curtido al tanino. El cuero vaqueta tiene una gran variedad de utilidades.<\/li>\n<\/ul>\n<p><img decoding=\"async\" class=\"size-medium wp-image-3697 aligncenter\" src=\"https:\/\/bluelaserbo.com\/wp-content\/uploads\/2021\/01\/trozo-de-cuero-vaqueta-1024x768-1-300x225.jpg\" alt=\"\" width=\"300\" height=\"225\" srcset=\"https:\/\/bluelaserbo.com\/wp-content\/uploads\/2021\/01\/trozo-de-cuero-vaqueta-1024x768-1-300x225.jpg 300w, https:\/\/bluelaserbo.com\/wp-content\/uploads\/2021\/01\/trozo-de-cuero-vaqueta-1024x768-1-768x576.jpg 768w, https:\/\/bluelaserbo.com\/wp-content\/uploads\/2021\/01\/trozo-de-cuero-vaqueta-1024x768-1-600x450.jpg 600w, https:\/\/bluelaserbo.com\/wp-content\/uploads\/2021\/01\/trozo-de-cuero-vaqueta-1024x768-1.jpg 1024w\" sizes=\"(max-width: 300px) 100vw, 300px\" \/><\/p>\n<ul>\n<li><strong>CARTON DUPLEX:<\/strong> Fabricado con la pulpa cruda o reciclada, sin blanquear, lo que le da su caracter\u00edstico color marr\u00f3n o crema en el dorso y estucada de un lado. El cart\u00f3n duplex se usa para diversos tipos de embalajes semi-r\u00edgidos, siendo indicado para productos de higiene y limpieza, alimenticios, juguetes, electrodom\u00e9sticos y utensilios entre otros.<\/li>\n<\/ul>\n<p><img decoding=\"async\" class=\" wp-image-3701 aligncenter\" src=\"https:\/\/bluelaserbo.com\/wp-content\/uploads\/2021\/01\/dup-300x300.jpg\" alt=\"\" width=\"266\" height=\"266\" srcset=\"https:\/\/bluelaserbo.com\/wp-content\/uploads\/2021\/01\/dup-300x300.jpg 300w, https:\/\/bluelaserbo.com\/wp-content\/uploads\/2021\/01\/dup-150x150.jpg 150w, https:\/\/bluelaserbo.com\/wp-content\/uploads\/2021\/01\/dup-768x768.jpg 768w, https:\/\/bluelaserbo.com\/wp-content\/uploads\/2021\/01\/dup-600x600.jpg 600w, https:\/\/bluelaserbo.com\/wp-content\/uploads\/2021\/01\/dup-100x100.jpg 100w, https:\/\/bluelaserbo.com\/wp-content\/uploads\/2021\/01\/dup.jpg 800w\" sizes=\"(max-width: 266px) 100vw, 266px\" \/><\/p>\n<ul>\n<li><strong>ACERO INOX:<\/strong> Ofrece una buena resistencia a la corrosi\u00f3n a muchos corrosivos qu\u00edmicos, as\u00ed como a atm\u00f3sferas industriales y ambientes marinos. Es una pieza fina y plana de acero inoxidable con muchas aplicaciones. Se mide por su grosor (calibre). Se usa com\u00fanmente en la industria del transporte, los alimentos y la industria aeroespacial debido a su peso ligero y resistencia a la corrosi\u00f3n. Aplicaciones: manipulaci\u00f3n y procesamiento de productos l\u00e1cteos, bebidas y productos alimenticios, equipamiento hospitalario, hardware marino, aparatos de cocina, salpicaduras, etc.<\/li>\n<\/ul>\n<p><img decoding=\"async\" class=\"size-medium wp-image-3702 aligncenter\" src=\"https:\/\/bluelaserbo.com\/wp-content\/uploads\/2021\/01\/acer-300x240.png\" alt=\"\" width=\"300\" height=\"240\" srcset=\"https:\/\/bluelaserbo.com\/wp-content\/uploads\/2021\/01\/acer-300x240.png 300w, https:\/\/bluelaserbo.com\/wp-content\/uploads\/2021\/01\/acer.png 500w\" sizes=\"(max-width: 300px) 100vw, 300px\" \/><\/p>\n\n\n<p><\/p>\n","protected":false},"excerpt":{"rendered":"<p>Tenemos una gran variedad de materiales para que puedas realizar tus art\u00edculos. MDF, Acr\u00edlico, Cuero, Madera, Acero y otros&#8230;.<\/p>\n","protected":false},"author":1,"featured_media":0,"parent":0,"menu_order":0,"comment_status":"closed","ping_status":"closed","template":"","meta":{"_monsterinsights_skip_tracking":false,"_monsterinsights_sitenote_active":false,"_monsterinsights_sitenote_note":"","_monsterinsights_sitenote_category":0,"footnotes":""},"class_list":["post-116","page","type-page","status-publish","hentry"],"_links":{"self":[{"href":"https:\/\/bluelaserbo.com\/index.php\/wp-json\/wp\/v2\/pages\/116","targetHints":{"allow":["GET"]}}],"collection":[{"href":"https:\/\/bluelaserbo.com\/index.php\/wp-json\/wp\/v2\/pages"}],"about":[{"href":"https:\/\/bluelaserbo.com\/index.php\/wp-json\/wp\/v2\/types\/page"}],"author":[{"embeddable":true,"href":"https:\/\/bluelaserbo.com\/index.php\/wp-json\/wp\/v2\/users\/1"}],"replies":[{"embeddable":true,"href":"https:\/\/bluelaserbo.com\/index.php\/wp-json\/wp\/v2\/comments?post=116"}],"version-history":[{"count":6,"href":"https:\/\/bluelaserbo.com\/index.php\/wp-json\/wp\/v2\/pages\/116\/revisions"}],"predecessor-version":[{"id":3705,"href":"https:\/\/bluelaserbo.com\/index.php\/wp-json\/wp\/v2\/pages\/116\/revisions\/3705"}],"wp:attachment":[{"href":"https:\/\/bluelaserbo.com\/index.php\/wp-json\/wp\/v2\/media?parent=116"}],"curies":[{"name":"wp","href":"https:\/\/api.w.org\/{rel}","templated":true}]}}