{"id":114,"date":"2017-07-05T10:57:22","date_gmt":"2017-07-05T10:57:22","guid":{"rendered":"https:\/\/uxlthemes.com\/demo\/trusted\/?page_id=114"},"modified":"2021-01-22T06:53:33","modified_gmt":"2021-01-22T10:53:33","slug":"feature-1","status":"publish","type":"page","link":"https:\/\/bluelaserbo.com\/index.php\/feature-1\/","title":{"rendered":"Servicios"},"content":{"rendered":"\n<p><strong>Contamos con un sistema de corte, marcado y grabado muy preciso, seguro y permanente debido a que se realiza sobre la superficie del propio material, sin ning\u00fan tipo de aporte ni abrasi\u00f3n mec\u00e1nica de las piezas sometidas a grabado. Posee una gran presici\u00f3n de piezas peque\u00f1as y con gran detalle.<\/strong><\/p>\n\n\n\n<p><strong>Los servicios que ofrecemos son:<\/strong><\/p>\n\n\n\n<h2 class=\"wp-block-heading\"><strong>CORTE LASER<\/strong><\/h2>\n\n\n\n<p>En los siguientes Materiales:<\/p>\n\n\n\n<div class=\"wp-block-image\"><figure class=\"alignright size-large is-resized\"><img decoding=\"async\" src=\"https:\/\/bluelaserbo.com\/wp-content\/uploads\/2021\/01\/Imagen1.png\" alt=\"\" class=\"wp-image-3636\" width=\"362\" height=\"202\" srcset=\"https:\/\/bluelaserbo.com\/wp-content\/uploads\/2021\/01\/Imagen1.png 328w, https:\/\/bluelaserbo.com\/wp-content\/uploads\/2021\/01\/Imagen1-300x167.png 300w\" sizes=\"(max-width: 362px) 100vw, 362px\" \/><\/figure><\/div>\n\n\n\n<ul class=\"wp-block-list\"><li>MDF (Trupan)<\/li><li>Acr\u00edlico<\/li><li>Madera<\/li><li>Corcho<\/li><li>Cart\u00f3n o Cartulina<\/li><li>Goma EVA<\/li><li>Cuero Natural<\/li><li>Tela<\/li><li>Papel<\/li><\/ul>\n\n\n\n<h2 class=\"wp-block-heading\"><strong>GRABADO LASER<\/strong><\/h2>\n\n\n\n<p>En los siguientes Materiales:<\/p>\n\n\n\n<div class=\"wp-block-image\"><figure class=\"alignright size-large\"><img decoding=\"async\" width=\"370\" height=\"205\" src=\"https:\/\/bluelaserbo.com\/wp-content\/uploads\/2021\/01\/Imagen2.png\" alt=\"\" class=\"wp-image-3637\" srcset=\"https:\/\/bluelaserbo.com\/wp-content\/uploads\/2021\/01\/Imagen2.png 370w, https:\/\/bluelaserbo.com\/wp-content\/uploads\/2021\/01\/Imagen2-300x166.png 300w\" sizes=\"(max-width: 370px) 100vw, 370px\" \/><\/figure><\/div>\n\n\n\n<ul class=\"wp-block-list\"><li>MDF (Trupan)<\/li><li>Acr\u00edlico<\/li><li>Madera<\/li><li>Corcho<\/li><li>Cart\u00f3n o Cartulina<\/li><li>Goma EVA<\/li><li>Cuero Natural<\/li><li>Tela<\/li><li>Papel<\/li><li>Vidrio (Cristal)<\/li><li>Metales<\/li><\/ul>\n\n\n\n<h2 class=\"wp-block-heading\"><strong>MARCADO LASER<\/strong><\/h2>\n\n\n\n<p>En los siguientes Materiales:<\/p>\n\n\n\n<div class=\"wp-block-image\"><figure class=\"alignright size-large is-resized\"><img decoding=\"async\" src=\"https:\/\/bluelaserbo.com\/wp-content\/uploads\/2021\/01\/Imagen3.png\" alt=\"\" class=\"wp-image-3638\" width=\"365\" height=\"228\" srcset=\"https:\/\/bluelaserbo.com\/wp-content\/uploads\/2021\/01\/Imagen3.png 396w, https:\/\/bluelaserbo.com\/wp-content\/uploads\/2021\/01\/Imagen3-300x187.png 300w\" sizes=\"(max-width: 365px) 100vw, 365px\" \/><\/figure><\/div>\n\n\n\n<ul class=\"wp-block-list\"><li>MDF (Trupan)<\/li><li>Acr\u00edlico<\/li><li>Madera<\/li><li>Corcho<\/li><li>Cart\u00f3n o Cartulina<\/li><li>Goma EVA<\/li><li>Cuero Natural<\/li><li>Tela<\/li><li>Papel<\/li><li>Vidrio (Cristal)<\/li><li>Metales<\/li><\/ul>\n\n\n\n<p><strong>Cont\u00e1ctate con alguien de nuestro equipo para conversar acerca de tus requerimientos e ideas.<\/strong><\/p>\n","protected":false},"excerpt":{"rendered":"<p>Corte, Marcado y Grabado Laser&#8230; Descubre todos los servicios que tenemos para t\u00ed. <\/p>\n","protected":false},"author":1,"featured_media":0,"parent":0,"menu_order":0,"comment_status":"closed","ping_status":"closed","template":"","meta":{"_monsterinsights_skip_tracking":false,"_monsterinsights_sitenote_active":false,"_monsterinsights_sitenote_note":"","_monsterinsights_sitenote_category":0,"footnotes":""},"class_list":["post-114","page","type-page","status-publish","hentry"],"_links":{"self":[{"href":"https:\/\/bluelaserbo.com\/index.php\/wp-json\/wp\/v2\/pages\/114","targetHints":{"allow":["GET"]}}],"collection":[{"href":"https:\/\/bluelaserbo.com\/index.php\/wp-json\/wp\/v2\/pages"}],"about":[{"href":"https:\/\/bluelaserbo.com\/index.php\/wp-json\/wp\/v2\/types\/page"}],"author":[{"embeddable":true,"href":"https:\/\/bluelaserbo.com\/index.php\/wp-json\/wp\/v2\/users\/1"}],"replies":[{"embeddable":true,"href":"https:\/\/bluelaserbo.com\/index.php\/wp-json\/wp\/v2\/comments?post=114"}],"version-history":[{"count":5,"href":"https:\/\/bluelaserbo.com\/index.php\/wp-json\/wp\/v2\/pages\/114\/revisions"}],"predecessor-version":[{"id":3639,"href":"https:\/\/bluelaserbo.com\/index.php\/wp-json\/wp\/v2\/pages\/114\/revisions\/3639"}],"wp:attachment":[{"href":"https:\/\/bluelaserbo.com\/index.php\/wp-json\/wp\/v2\/media?parent=114"}],"curies":[{"name":"wp","href":"https:\/\/api.w.org\/{rel}","templated":true}]}}